{"id":904,"date":"2016-08-19T11:41:40","date_gmt":"2016-08-19T09:41:40","guid":{"rendered":"http:\/\/huetteflachau.flachau.ms.w014ecb1.kasserver.com\/beispiel-seite\/"},"modified":"2020-01-07T10:00:40","modified_gmt":"2020-01-07T09:00:40","slug":"home","status":"publish","type":"page","link":"https:\/\/www.xn--htte-flachau-dlb.at\/en\/","title":{"rendered":"Home"},"content":{"rendered":"<div class=\"wpb-content-wrapper\"><p>[vc_row][vc_column][vc_column_text]<\/p>\n<h1>Urlaub am Bauernhof in Flachau<\/h1>\n<h2>Ihr erlebnisreicher Bauernhofurlaub am Gindlgut, Flachauwinkl<\/h2>\n<p>[\/vc_column_text][\/vc_column][\/vc_row][vc_row][vc_column][vc_separator][\/vc_column][\/vc_row][vc_row][vc_column width=&#8221;1\/2&#8243;][vc_column_text]Verbringen Sie Ihren <strong>Urlaub am Bauernhof<\/strong> bei uns am Erbhof Gindlgut in <strong>Flachauwinkl<\/strong>. Der <strong>Bio-Bauernhof<\/strong> wurde vor \u00fcber 300 Jahren erbaut und regelm\u00e4\u00dfig erneuert. Sp\u00fcren Sie bei uns den l\u00e4ndlichen Charme und wohnen Sie gem\u00fctlich in den <strong>Ferienwohnungen f\u00fcr 2 bis 6 Personen<\/strong>.<strong> <\/strong>Hier erleben Sie den Alltag am Bauernhof hautnah mit. F\u00fcr Kids gibt es eine Vielzahl an <strong>Tieren<\/strong> zum Streicheln und Pflegen. Das <strong>t\u00e4gliche Reiten<\/strong> am R\u00fccken der Gindl-Ponys ist besonders beliebt.[\/vc_column_text][\/vc_column][vc_column width=&#8221;1\/2&#8243;][vc_column_text]Dank der <strong>Lage nahe am Waldrand<\/strong> genie\u00dfen Sie die Ruhe und erreichen viele Freizeitangebote in K\u00fcrze: <strong>Einstieg<\/strong> in die <strong>Skigebiete Flachauwinkl &#8211; Kleinarl <\/strong>und<strong> Zauchensee &#8211; Flachauwinkl<\/strong> nur 1 km entfernt, <strong>Skibushaltestelle vor dem Bauernhof<\/strong>,<strong> Loipe direkt am Haus<\/strong>,<strong> Ausgangspunkt f\u00fcr Wanderungen<\/strong>. Wir freuen uns, Ihnen einen sch\u00f6nen <strong>Bauernhofurlaub in Flachauwinkl <\/strong>im Salzburger Land anzubieten.[\/vc_column_text][\/vc_column][\/vc_row][vc_row full_width=&#8221;stretch_row_content_no_spaces&#8221; equal_height=&#8221;yes&#8221; content_placement=&#8221;middle&#8221; css=&#8221;.vc_custom_1471958045652{margin-bottom: 0px !important;background-image: url(https:\/\/www.xn--htte-flachau-dlb.at\/wp-content\/uploads\/sites\/9\/2016\/08\/bg-footer.jpg?id=28) !important;}&#8221;][vc_column width=&#8221;1\/2&#8243; css=&#8221;.vc_custom_1481100873779{padding-top: 0px !important;background-image: url(https:\/\/www.xn--htte-flachau-dlb.at\/wp-content\/uploads\/sites\/9\/ferienwohnungen-urlaub-bauernhof-flachauwinkl-1.jpg?id=858) !important;background-position: center !important;background-repeat: no-repeat !important;background-size: cover !important;}&#8221; el_class=&#8221;bild-raster&#8221;][vc_empty_space][\/vc_column][vc_column width=&#8221;1\/2&#8243; el_class=&#8221;raster-home&#8221;][vc_column_text]<\/p>\n<h3>Unsere Ferienwohnungen<\/h3>\n<h5>Unterk\u00fcnfte f\u00fcr 2 &#8211; 6 Personen in Flachauwinkl<\/h5>\n<p>[\/vc_column_text][vc_column_text]F\u00fcr Ihren Bauernhofurlaub bieten wir Ihnen unsere gem\u00fctlichen <strong>Ferienwohnungen<\/strong> mit 25 bis 65 m<sup>2<\/sup> Gr\u00f6\u00dfe<b> <\/b>an. Zu jeder Unterkunft stehen Ihnen Telefon, F\u00f6n, Skistall sowie ein Parkplatz beim Haus frei zur Verf\u00fcgung.[\/vc_column_text][vc_column_text]<span class=\"button\"><a href=\"https:\/\/www.xn--htte-flachau-dlb.at\/en\/anfragen\/\">Urlaub anfragen<\/a><\/span>[\/vc_column_text][\/vc_column][\/vc_row][vc_row][vc_column][vc_column_text]<\/p>\n<h4>Preise der Ferienwohnungen \u2013 Urlaub am Bauernhof in Flachauwinkl<\/h4>\n<p>[\/vc_column_text][vc_tta_accordion active_section=&#8221;false&#8221; collapsible_all=&#8221;true&#8221;][vc_tta_section title=&#8221;Winterpreise&#8221; tab_id=&#8221;1481098036207-265fffd5-edea&#8221;][vc_column_text]Preise auf Anfrage![\/vc_column_text][\/vc_tta_section][vc_tta_section title=&#8221;Sommerpreise&#8221; tab_id=&#8221;1481098036294-15d5ba50-a65d&#8221;][vc_column_text]Preise auf Anfrage![\/vc_column_text][\/vc_tta_section][\/vc_tta_accordion][\/vc_column][\/vc_row][vc_row full_width=&#8221;stretch_row_content_no_spaces&#8221; equal_height=&#8221;yes&#8221; content_placement=&#8221;middle&#8221; css=&#8221;.vc_custom_1471958045652{margin-bottom: 0px !important;background-image: url(https:\/\/www.xn--htte-flachau-dlb.at\/wp-content\/uploads\/sites\/9\/2016\/08\/bg-footer.jpg?id=28) !important;}&#8221;][vc_column width=&#8221;1\/2&#8243; el_class=&#8221;raster-home&#8221;][vc_column_text]<\/p>\n<h3>Kinderparadies &amp; Hoftiere<\/h3>\n<h5>Viel Platz &amp; nette Tiere zum Streicheln<\/h5>\n<p>[\/vc_column_text][vc_column_text]Kinder f\u00fchlen sich am Bauernhof Gindlgut richtig wohl. Auf dem <strong>Hofplatz<\/strong> wartet ein buntes Spieleangebot: <strong>Sandkasten<\/strong>, <strong>Schaukeln<\/strong> und Wippen, <strong>Kinderfuhrpark<\/strong>, <strong>Kletterberg<\/strong>, Ballspielwiese, <strong>Reitparcours<\/strong>, Angelteich,&#8230; Unsere <strong>Hasen, Katzen, H\u00fchner und Enten<\/strong> freuen sich auf neue Spielkameraden. Nachmittags bieten wir <strong>Ponyreiten<\/strong> f\u00fcr unsere G\u00e4ste an.[\/vc_column_text][\/vc_column][vc_column width=&#8221;1\/2&#8243; css=&#8221;.vc_custom_1481040428523{padding-top: 0px !important;background-image: url(https:\/\/www.xn--htte-flachau-dlb.at\/wp-content\/uploads\/sites\/9\/tiere-bauernhof-gindlgut-flachauwinkl-1.jpg?id=820) !important;background-position: center !important;background-repeat: no-repeat !important;background-size: cover !important;}&#8221; el_class=&#8221;bild-raster&#8221;][vc_empty_space][\/vc_column][\/vc_row][vc_row full_width=&#8221;stretch_row_content_no_spaces&#8221; equal_height=&#8221;yes&#8221; content_placement=&#8221;middle&#8221; css=&#8221;.vc_custom_1471958045652{margin-bottom: 0px !important;background-image: url(https:\/\/www.xn--htte-flachau-dlb.at\/wp-content\/uploads\/sites\/9\/2016\/08\/bg-footer.jpg?id=28) !important;}&#8221;][vc_column width=&#8221;1\/2&#8243; css=&#8221;.vc_custom_1481644529283{padding-top: 0px !important;background-image: url(https:\/\/www.xn--htte-flachau-dlb.at\/wp-content\/uploads\/sites\/9\/hauseigene-alm-flachauwinkl-2.jpg?id=945) !important;background-position: center !important;background-repeat: no-repeat !important;background-size: cover !important;}&#8221; el_class=&#8221;bild-raster&#8221;][vc_empty_space][\/vc_column][vc_column width=&#8221;1\/2&#8243; el_class=&#8221;raster-home&#8221;][vc_column_text]<\/p>\n<h3>Almh\u00fctte in Flachauwinkl<\/h3>\n<h5>Unterplei\u00dfling-Alm auf 1.400 m Seeh\u00f6he<\/h5>\n<p>[\/vc_column_text][vc_column_text]Die <strong>Almh\u00fctte f\u00fcr 6 Personen<\/strong> in Flachauwinkl ist mit <strong>Bio-Vollholzm\u00f6beln<\/strong> eingerichtet und bietet 3 Doppelzimmer (Zusatzbetten sind m\u00f6glich). Nur 200 m von der Unterplei\u00dflingh\u00fctte entfernt, befindet sich eine bewirtschaftete H\u00fctte. Gerne k\u00f6nnen Sie unsere <strong>Almh\u00fctte mieten<\/strong>. Senden Sie uns eine <a href=\"mailto:gindlgut@sbg.at\">E-Mail<\/a> mit <strong>Ihrer Anfrage<\/strong>.[\/vc_column_text][vc_column_text]<span class=\"button\"><a href=\"mailto:gindlgut@sbg.at\">per Mail anfragen<\/a><\/span>[\/vc_column_text][\/vc_column][\/vc_row][vc_row][vc_column][vc_column_text]<\/p>\n<h4>Ihr Plus am Bauernhof in Flachauwinkl<\/h4>\n<p>[\/vc_column_text][vc_row_inner el_class=&#8221;highlights&#8221;][vc_column_inner width=&#8221;1\/2&#8243;][vc_single_image image=&#8221;837&#8243; img_size=&#8221;medium&#8221; onclick=&#8221;link_image&#8221;][\/vc_column_inner][vc_column_inner width=&#8221;1\/2&#8243;][vc_column_text]<\/p>\n<ul>\n<li>Lage <strong>umgeben von viel Gr\u00fcn<\/strong><\/li>\n<li><strong>Idealer Ausgangspunkt<\/strong>: Skigebiete Flachauwinkl &#8211; Kleinarl &amp; Zauchensee &#8211; Flachauwinkl nur 1 km entfernt, Bushaltestelle vor dem Bauernhof, Loipe am Haus, Schneeschuhwandern, Skitouren, Sommer-Wandern vom Haus aus<\/li>\n<li><strong>Gro\u00dfer Spielplatz<\/strong>, <strong>Streicheltiere<\/strong> &amp; <strong>viel Freiraum<\/strong><\/li>\n<li>Kostenlose Benutzung des Wellnessbereichs im <a href=\"http:\/\/www.panorama-flachau.at\/\" target=\"_blank\" rel=\"noopener noreferrer\">Partner-Hotel Panorama in Flachau<\/a><\/li>\n<\/ul>\n<p>[\/vc_column_text][vc_column_text]<span class=\"button\"><a href=\"https:\/\/www.xn--htte-flachau-dlb.at\/en\/anfragen\/\">Urlaub anfragen<\/a><\/span>[\/vc_column_text][\/vc_column_inner][\/vc_row_inner][\/vc_column][\/vc_row]<\/p>\n<\/div>","protected":false},"excerpt":{"rendered":"<p>[vc_row][vc_column][vc_column_text] Urlaub am Bauernhof in Flachau Ihr erlebnisreicher Bauernhofurlaub am Gindlgut, Flachauwinkl [\/vc_column_text][\/vc_column][\/vc_row][vc_row][vc_column][vc_separator][\/vc_column][\/vc_row][vc_row][vc_column width=&#8221;1\/2&#8243;][vc_column_text]Verbringen Sie Ihren Urlaub am Bauernhof bei uns am Erbhof Gindlgut in Flachauwinkl. Der Bio-Bauernhof wurde vor \u00fcber 300 Jahren erbaut und regelm\u00e4\u00dfig erneuert. Sp\u00fcren Sie bei uns den l\u00e4ndlichen Charme und wohnen Sie gem\u00fctlich in den Ferienwohnungen f\u00fcr 2 bis 6 &hellip;<\/p>\n\n<p><a class=\"readmore btn btn-default btn-default btn-block\" href=\"https:\/\/www.xn--htte-flachau-dlb.at\/en\/\">Read More<\/a><\/p>","protected":false},"author":2,"featured_media":0,"parent":0,"menu_order":0,"comment_status":"closed","ping_status":"closed","template":"page-startseite.php","meta":{"rs_blank_template":"","rs_page_bg_color":"","slide_template_v7":"","footnotes":""},"class_list":["post-904","page","type-page","status-publish","hentry"],"yoast_head":"<!-- This site is optimized with the Yoast SEO plugin v27.5 - https:\/\/yoast.com\/product\/yoast-seo-wordpress\/ -->\n<title>Urlaub am Bauernhof in Flachau - Ferienwohnungen in Flachauwinkl<\/title>\n<meta name=\"description\" content=\"Verbringen Sie einen herrlichen Urlaub am Bauernhof in Flachau: Ferienwohnungen f\u00fcr 2-6 Personen, Tiere zum Streicheln, Ponyreiten,...\" \/>\n<meta name=\"robots\" content=\"index, follow, max-snippet:-1, max-image-preview:large, max-video-preview:-1\" \/>\n<link rel=\"canonical\" href=\"https:\/\/www.xn--htte-flachau-dlb.at\/en\/\" \/>\n<meta property=\"og:locale\" content=\"en_US\" \/>\n<meta property=\"og:type\" content=\"article\" \/>\n<meta property=\"og:title\" content=\"Urlaub am Bauernhof in Flachau - Ferienwohnungen in Flachauwinkl\" \/>\n<meta property=\"og:description\" content=\"Verbringen Sie einen herrlichen Urlaub am Bauernhof in Flachau: Ferienwohnungen f\u00fcr 2-6 Personen, Tiere zum Streicheln, Ponyreiten,...\" \/>\n<meta property=\"og:url\" content=\"https:\/\/www.xn--htte-flachau-dlb.at\/en\/\" \/>\n<meta property=\"og:site_name\" content=\"huetteflachau\" \/>\n<meta property=\"article:modified_time\" content=\"2020-01-07T09:00:40+00:00\" \/>\n<meta name=\"twitter:card\" content=\"summary_large_image\" \/>\n<meta name=\"twitter:label1\" content=\"Est. reading time\" \/>\n\t<meta name=\"twitter:data1\" content=\"4 minutes\" \/>\n<script type=\"application\/ld+json\" class=\"yoast-schema-graph\">{\"@context\":\"https:\\\/\\\/schema.org\",\"@graph\":[{\"@type\":\"WebPage\",\"@id\":\"https:\\\/\\\/www.xn--htte-flachau-dlb.at\\\/en\\\/\",\"url\":\"https:\\\/\\\/www.xn--htte-flachau-dlb.at\\\/en\\\/\",\"name\":\"Urlaub am Bauernhof in Flachau - Ferienwohnungen in Flachauwinkl\",\"isPartOf\":{\"@id\":\"https:\\\/\\\/www.xn--htte-flachau-dlb.at\\\/#website\"},\"datePublished\":\"2016-08-19T09:41:40+00:00\",\"dateModified\":\"2020-01-07T09:00:40+00:00\",\"description\":\"Verbringen Sie einen herrlichen Urlaub am Bauernhof in Flachau: Ferienwohnungen f\u00fcr 2-6 Personen, Tiere zum Streicheln, Ponyreiten,...\",\"breadcrumb\":{\"@id\":\"https:\\\/\\\/www.xn--htte-flachau-dlb.at\\\/en\\\/#breadcrumb\"},\"inLanguage\":\"en-US\",\"potentialAction\":[{\"@type\":\"ReadAction\",\"target\":[\"https:\\\/\\\/www.xn--htte-flachau-dlb.at\\\/en\\\/\"]}]},{\"@type\":\"BreadcrumbList\",\"@id\":\"https:\\\/\\\/www.xn--htte-flachau-dlb.at\\\/en\\\/#breadcrumb\",\"itemListElement\":[{\"@type\":\"ListItem\",\"position\":1,\"name\":\"Startseite\",\"item\":\"https:\\\/\\\/www.xn--htte-flachau-dlb.at\\\/en\\\/\"},{\"@type\":\"ListItem\",\"position\":2,\"name\":\"Home\"}]},{\"@type\":\"WebSite\",\"@id\":\"https:\\\/\\\/www.xn--htte-flachau-dlb.at\\\/#website\",\"url\":\"https:\\\/\\\/www.xn--htte-flachau-dlb.at\\\/\",\"name\":\"huetteflachau\",\"description\":\"Eine weitere Urlaubswelt Flachau Website\",\"potentialAction\":[{\"@type\":\"SearchAction\",\"target\":{\"@type\":\"EntryPoint\",\"urlTemplate\":\"https:\\\/\\\/www.xn--htte-flachau-dlb.at\\\/?s={search_term_string}\"},\"query-input\":{\"@type\":\"PropertyValueSpecification\",\"valueRequired\":true,\"valueName\":\"search_term_string\"}}],\"inLanguage\":\"en-US\"}]}<\/script>\n<!-- \/ Yoast SEO plugin. -->","yoast_head_json":{"title":"Urlaub am Bauernhof in Flachau - Ferienwohnungen in Flachauwinkl","description":"Verbringen Sie einen herrlichen Urlaub am Bauernhof in Flachau: Ferienwohnungen f\u00fcr 2-6 Personen, Tiere zum Streicheln, Ponyreiten,...","robots":{"index":"index","follow":"follow","max-snippet":"max-snippet:-1","max-image-preview":"max-image-preview:large","max-video-preview":"max-video-preview:-1"},"canonical":"https:\/\/www.xn--htte-flachau-dlb.at\/en\/","og_locale":"en_US","og_type":"article","og_title":"Urlaub am Bauernhof in Flachau - Ferienwohnungen in Flachauwinkl","og_description":"Verbringen Sie einen herrlichen Urlaub am Bauernhof in Flachau: Ferienwohnungen f\u00fcr 2-6 Personen, Tiere zum Streicheln, Ponyreiten,...","og_url":"https:\/\/www.xn--htte-flachau-dlb.at\/en\/","og_site_name":"huetteflachau","article_modified_time":"2020-01-07T09:00:40+00:00","twitter_card":"summary_large_image","twitter_misc":{"Est. reading time":"4 minutes"},"schema":{"@context":"https:\/\/schema.org","@graph":[{"@type":"WebPage","@id":"https:\/\/www.xn--htte-flachau-dlb.at\/en\/","url":"https:\/\/www.xn--htte-flachau-dlb.at\/en\/","name":"Urlaub am Bauernhof in Flachau - Ferienwohnungen in Flachauwinkl","isPartOf":{"@id":"https:\/\/www.xn--htte-flachau-dlb.at\/#website"},"datePublished":"2016-08-19T09:41:40+00:00","dateModified":"2020-01-07T09:00:40+00:00","description":"Verbringen Sie einen herrlichen Urlaub am Bauernhof in Flachau: Ferienwohnungen f\u00fcr 2-6 Personen, Tiere zum Streicheln, Ponyreiten,...","breadcrumb":{"@id":"https:\/\/www.xn--htte-flachau-dlb.at\/en\/#breadcrumb"},"inLanguage":"en-US","potentialAction":[{"@type":"ReadAction","target":["https:\/\/www.xn--htte-flachau-dlb.at\/en\/"]}]},{"@type":"BreadcrumbList","@id":"https:\/\/www.xn--htte-flachau-dlb.at\/en\/#breadcrumb","itemListElement":[{"@type":"ListItem","position":1,"name":"Startseite","item":"https:\/\/www.xn--htte-flachau-dlb.at\/en\/"},{"@type":"ListItem","position":2,"name":"Home"}]},{"@type":"WebSite","@id":"https:\/\/www.xn--htte-flachau-dlb.at\/#website","url":"https:\/\/www.xn--htte-flachau-dlb.at\/","name":"huetteflachau","description":"Eine weitere Urlaubswelt Flachau Website","potentialAction":[{"@type":"SearchAction","target":{"@type":"EntryPoint","urlTemplate":"https:\/\/www.xn--htte-flachau-dlb.at\/?s={search_term_string}"},"query-input":{"@type":"PropertyValueSpecification","valueRequired":true,"valueName":"search_term_string"}}],"inLanguage":"en-US"}]}},"_links":{"self":[{"href":"https:\/\/www.xn--htte-flachau-dlb.at\/en\/wp-json\/wp\/v2\/pages\/904","targetHints":{"allow":["GET"]}}],"collection":[{"href":"https:\/\/www.xn--htte-flachau-dlb.at\/en\/wp-json\/wp\/v2\/pages"}],"about":[{"href":"https:\/\/www.xn--htte-flachau-dlb.at\/en\/wp-json\/wp\/v2\/types\/page"}],"author":[{"embeddable":true,"href":"https:\/\/www.xn--htte-flachau-dlb.at\/en\/wp-json\/wp\/v2\/users\/2"}],"replies":[{"embeddable":true,"href":"https:\/\/www.xn--htte-flachau-dlb.at\/en\/wp-json\/wp\/v2\/comments?post=904"}],"version-history":[{"count":0,"href":"https:\/\/www.xn--htte-flachau-dlb.at\/en\/wp-json\/wp\/v2\/pages\/904\/revisions"}],"wp:attachment":[{"href":"https:\/\/www.xn--htte-flachau-dlb.at\/en\/wp-json\/wp\/v2\/media?parent=904"}],"curies":[{"name":"wp","href":"https:\/\/api.w.org\/{rel}","templated":true}]}}